{"id":829,"date":"2020-05-11T13:52:56","date_gmt":"2020-05-11T13:52:56","guid":{"rendered":"https:\/\/www.high-dragon.com\/?page_id=829"},"modified":"2022-08-23T16:37:12","modified_gmt":"2022-08-23T14:37:12","slug":"produits","status":"publish","type":"page","link":"https:\/\/www.highdragon.net\/fr\/produits\/","title":{"rendered":"Produits"},"content":{"rendered":"  <div id=\"page-header-885103014\" class=\"page-header-wrapper\">\n  <div class=\"page-title dark featured-title\">\n\n        <div class=\"page-title-bg\">\n      <div class=\"title-bg fill bg-fill\"\n        data-parallax-container=\".page-title\"\n        data-parallax-background\n        data-parallax=\"-\">\n      <\/div>\n      <div class=\"title-overlay fill\"><\/div>\n    <\/div>\n    \n    <div class=\"page-title-inner container align-center text-center flex-row-col medium-flex-wrap\" >\n              <div class=\"title-wrapper flex-col\">\n          <h1 class=\"entry-title mb-0\">\n            Portefeuille de fournitures          <\/h1>\n        <\/div>\n                    <div class=\"title-content flex-col\">\n        <div class=\"title-breadcrumbs pb-half pt-half\"><\/div>      <\/div>\n    <\/div>\n\n     \n<style>\n#page-header-885103014 {\n  margin-bottom: 15px;\n  background-color: rgb(0,0,0);\n}\n<\/style>\n  <\/div>\n    <\/div>\n  \n\t<section class=\"section\" id=\"section_1837064014\">\n\t\t<div class=\"bg section-bg fill bg-fill  bg-loaded\" >\n\n\t\t\t\n\t\t\t\n\t\t\t\n\n\t\t<\/div>\n\n\t\t<div class=\"section-content relative\">\n\t\t\t\n<div class=\"row\"  id=\"row-277371186\">\n\n\t<div id=\"col-1081368965\" class=\"col small-12 large-12\"  >\n\t\t<div class=\"col-inner\"  >\n\t\t\t\n\t\t\t\n<h3><span class=\"tlid-translation translation\" lang=\"fr\"><span class=\"\" title=\"\">Voici quelques cat\u00e9gories de produits avec lesquelles nous traitons r\u00e9guli\u00e8rement pour nos clients.<\/span><\/span><\/h3>\n<p><span class=\"tlid-translation translation\" lang=\"fr\"><span class=\"\" title=\"\">Nous pouvons trouver tout produit ou \u00e9quipement selon vos besoins qui n&rsquo;est pas r\u00e9pertori\u00e9 ici.<\/span> <span class=\"\" title=\"\">Pour vos nouveaux projets, nous pouvons \u00e9galement vous assister dans les phases de pr\u00e9-commercialisation depuis la conception du prototype du produit jusqu&rsquo;au lancement final sur le march\u00e9 &#8230;<\/span><\/span><\/p>\n\t\t<\/div>\n\t\t\n<style>\n#col-1081368965 > .col-inner {\n  margin: 0px 0px -40px 0px;\n}\n<\/style>\n\t<\/div>\n\n\t\n<\/div>\n\t\t<\/div>\n\n\t\t\n<style>\n#section_1837064014 {\n  padding-top: 0px;\n  padding-bottom: 0px;\n  margin-bottom: -12px;\n}\n<\/style>\n\t<\/section>\n\t\n<div class=\"row\"  id=\"row-1793351814\">\n\n\t<div id=\"col-1397141638\" class=\"col medium-3 small-6 large-3\"  >\n\t\t<div class=\"col-inner\"  >\n\t\t\t\n\t\t\t\n\n  <div class=\"banner has-hover\" id=\"banner-648767269\">\n          <div class=\"banner-inner fill\">\n        <div class=\"banner-bg fill\" >\n            <div class=\"bg fill bg-fill \"><\/div>\n                                    \n\t<div class=\"is-border\"\n\t\tstyle=\"border-color:rgb(6, 6, 6);border-width:5px 5px 5px 5;\">\n\t<\/div>\n                    <\/div>\n        <div class=\"banner-layers container\">\n            <div class=\"fill banner-link\"><\/div>            \n   <div id=\"text-box-529254764\" class=\"text-box banner-layer x50 md-x50 lg-x50 y50 md-y50 lg-y50 res-text\">\n                     <div data-animate=\"none\">           <div class=\"text dark\">\n              \n              <div class=\"text-inner text-center\">\n                  \n<p class=\"uppercase lead\"><strong>produits electroniques<br \/>\n<\/strong><\/p>\n              <\/div>\n           <\/div>\n       <\/div>                     \n<style>\n#text-box-529254764 {\n  margin: 0px 0px 0px 0;\n  width: 100%;\n}\n#text-box-529254764 .text {\n  background-color: rgb(66, 65, 65);\n  font-size: 150%;\n}\n<\/style>\n    <\/div>\n \n        <\/div>\n      <\/div>\n\n            \n<style>\n#banner-648767269 {\n  padding-top: 99%;\n}\n#banner-648767269 .bg.bg-loaded {\n  background-image: url(https:\/\/www.highdragon.net\/wp-content\/uploads\/2020\/05\/electronics2.jpg);\n}\n#banner-648767269 .bg {\n  background-position: 46% 20%;\n}\n<\/style>\n  <\/div>\n\n\n\t\t<\/div>\n\t\t\t<\/div>\n\n\t\n\n\t<div id=\"col-412432090\" class=\"col medium-3 small-6 large-3\"  >\n\t\t<div class=\"col-inner\"  >\n\t\t\t\n\t\t\t\n\n  <div class=\"banner has-hover\" id=\"banner-81215831\">\n          <div class=\"banner-inner fill\">\n        <div class=\"banner-bg fill\" >\n            <div class=\"bg fill bg-fill \"><\/div>\n                                    \n\t<div class=\"is-border\"\n\t\tstyle=\"border-color:rgb(6, 6, 6);border-width:5px 5px 5px 5;\">\n\t<\/div>\n                    <\/div>\n        <div class=\"banner-layers container\">\n            <div class=\"fill banner-link\"><\/div>            \n   <div id=\"text-box-1971649008\" class=\"text-box banner-layer x50 md-x50 lg-x50 y50 md-y50 lg-y50 res-text\">\n                     <div data-animate=\"none\">           <div class=\"text dark\">\n              \n              <div class=\"text-inner text-center\">\n                  \n<p class=\"uppercase lead\"><strong>Machinerie Industrielle<br \/>\n<\/strong><\/p>\n              <\/div>\n           <\/div>\n       <\/div>                     \n<style>\n#text-box-1971649008 {\n  margin: 0px 0px 0px 0;\n  width: 100%;\n}\n#text-box-1971649008 .text {\n  background-color: rgb(66, 65, 65);\n  font-size: 150%;\n}\n<\/style>\n    <\/div>\n \n        <\/div>\n      <\/div>\n\n            \n<style>\n#banner-81215831 {\n  padding-top: 99%;\n}\n#banner-81215831 .bg.bg-loaded {\n  background-image: url(https:\/\/www.highdragon.net\/wp-content\/uploads\/2020\/05\/machinery.jpg);\n}\n<\/style>\n  <\/div>\n\n\n\t\t<\/div>\n\t\t\t<\/div>\n\n\t\n\n\t<div id=\"col-436804173\" class=\"col medium-3 small-6 large-3\"  >\n\t\t<div class=\"col-inner\"  >\n\t\t\t\n\t\t\t\n\n  <div class=\"banner has-hover\" id=\"banner-444783246\">\n          <div class=\"banner-inner fill\">\n        <div class=\"banner-bg fill\" >\n            <div class=\"bg fill bg-fill \"><\/div>\n                                    \n\t<div class=\"is-border\"\n\t\tstyle=\"border-color:rgb(6, 6, 6);border-width:5px 5px 5px 5;\">\n\t<\/div>\n                    <\/div>\n        <div class=\"banner-layers container\">\n            <div class=\"fill banner-link\"><\/div>            \n   <div id=\"text-box-1522437306\" class=\"text-box banner-layer x50 md-x50 lg-x50 y50 md-y50 lg-y50 res-text\">\n                     <div data-animate=\"none\">           <div class=\"text dark\">\n              \n              <div class=\"text-inner text-center\">\n                  \n<p class=\"uppercase lead\"><strong><a href=\"https:\/\/www.highdragon.net\/ppe-details\/\">equipement medical<\/a><br \/>\n<\/strong><\/p>\n              <\/div>\n           <\/div>\n       <\/div>                     \n<style>\n#text-box-1522437306 {\n  margin: 0px 0px 0px 0;\n  width: 100%;\n}\n#text-box-1522437306 .text {\n  background-color: rgb(66, 65, 65);\n  font-size: 150%;\n}\n<\/style>\n    <\/div>\n \n        <\/div>\n      <\/div>\n\n            \n<style>\n#banner-444783246 {\n  padding-top: 99%;\n}\n#banner-444783246 .bg.bg-loaded {\n  background-image: url(https:\/\/www.highdragon.net\/wp-content\/uploads\/2020\/05\/medic_patchwork2.jpg);\n}\n<\/style>\n  <\/div>\n\n\n\t\t<\/div>\n\t\t\t<\/div>\n\n\t\n\n\t<div id=\"col-2082064128\" class=\"col medium-3 small-6 large-3\"  >\n\t\t<div class=\"col-inner\"  >\n\t\t\t\n\t\t\t\n\n  <div class=\"banner has-hover\" id=\"banner-1773231808\">\n          <div class=\"banner-inner fill\">\n        <div class=\"banner-bg fill\" >\n            <div class=\"bg fill bg-fill \"><\/div>\n                                    \n\t<div class=\"is-border\"\n\t\tstyle=\"border-color:rgb(6, 6, 6);border-width:5px 5px 5px 5;\">\n\t<\/div>\n                    <\/div>\n        <div class=\"banner-layers container\">\n            <div class=\"fill banner-link\"><\/div>            \n   <div id=\"text-box-1359825424\" class=\"text-box banner-layer x50 md-x50 lg-x50 y50 md-y50 lg-y50 res-text\">\n                     <div data-animate=\"none\">           <div class=\"text dark\">\n              \n              <div class=\"text-inner text-center\">\n                  \n<p class=\"uppercase lead\"><strong>sacs &amp; valises<br \/>\n<\/strong><\/p>\n              <\/div>\n           <\/div>\n       <\/div>                     \n<style>\n#text-box-1359825424 {\n  margin: 0px 0px 0px 0;\n  width: 100%;\n}\n#text-box-1359825424 .text {\n  background-color: rgb(66, 65, 65);\n  font-size: 147%;\n}\n<\/style>\n    <\/div>\n \n        <\/div>\n      <\/div>\n\n              <div class=\"height-fix is-invisible\"><img width=\"280\" height=\"280\" src=\"https:\/\/www.highdragon.net\/wp-content\/uploads\/2020\/05\/sgbag1-280x280.jpg\" class=\"attachment-thumbnail size-thumbnail\" alt=\"\" loading=\"lazy\" srcset=\"https:\/\/www.highdragon.net\/wp-content\/uploads\/2020\/05\/sgbag1-280x280.jpg 280w, https:\/\/www.highdragon.net\/wp-content\/uploads\/2020\/05\/sgbag1-400x400.jpg 400w, https:\/\/www.highdragon.net\/wp-content\/uploads\/2020\/05\/sgbag1.jpg 600w\" sizes=\"(max-width: 280px) 100vw, 280px\" \/><\/div>\n            \n<style>\n#banner-1773231808 .bg.bg-loaded {\n  background-image: url(https:\/\/www.highdragon.net\/wp-content\/uploads\/2020\/05\/sgbag1-280x280.jpg);\n}\n<\/style>\n  <\/div>\n\n\n\t\t<\/div>\n\t\t\t<\/div>\n\n\t\n\n<style>\n#row-1793351814 > .col > .col-inner {\n  background-color: #373a3d;\n}\n<\/style>\n<\/div>\n<div class=\"row\"  id=\"row-1074946187\">\n\n\t<div id=\"col-202682046\" class=\"col medium-3 small-6 large-3\"  >\n\t\t<div class=\"col-inner\"  >\n\t\t\t\n\t\t\t\n\n  <div class=\"banner has-hover\" id=\"banner-882825894\">\n          <div class=\"banner-inner fill\">\n        <div class=\"banner-bg fill\" >\n            <div class=\"bg fill bg-fill \"><\/div>\n                                    \n\t<div class=\"is-border\"\n\t\tstyle=\"border-color:rgb(6, 6, 6);border-width:5px 5px 5px 5;\">\n\t<\/div>\n                    <\/div>\n        <div class=\"banner-layers container\">\n            <div class=\"fill banner-link\"><\/div>            \n   <div id=\"text-box-1387536780\" class=\"text-box banner-layer x50 md-x50 lg-x50 y50 md-y50 lg-y50 res-text\">\n                     <div data-animate=\"none\">           <div class=\"text dark\">\n              \n              <div class=\"text-inner text-center\">\n                  \n<p class=\"uppercase lead\"><strong>vetements &amp; TEXTILE<br \/>\n<\/strong><\/p>\n              <\/div>\n           <\/div>\n       <\/div>                     \n<style>\n#text-box-1387536780 {\n  margin: 0px 0px 0px 0;\n  width: 100%;\n}\n#text-box-1387536780 .text {\n  background-color: rgb(66, 65, 65);\n  font-size: 150%;\n}\n<\/style>\n    <\/div>\n \n        <\/div>\n      <\/div>\n\n            \n<style>\n#banner-882825894 {\n  padding-top: 99%;\n}\n#banner-882825894 .bg.bg-loaded {\n  background-image: url(https:\/\/www.highdragon.net\/wp-content\/uploads\/2020\/05\/apparel.jpg);\n}\n#banner-882825894 .bg {\n  background-position: 46% 20%;\n}\n<\/style>\n  <\/div>\n\n\n\t\t<\/div>\n\t\t\t<\/div>\n\n\t\n\n\t<div id=\"col-1177914322\" class=\"col medium-3 small-6 large-3\"  >\n\t\t<div class=\"col-inner\"  >\n\t\t\t\n\t\t\t\n\n  <div class=\"banner has-hover\" id=\"banner-2120504072\">\n          <div class=\"banner-inner fill\">\n        <div class=\"banner-bg fill\" >\n            <div class=\"bg fill bg-fill \"><\/div>\n                                    \n\t<div class=\"is-border\"\n\t\tstyle=\"border-color:rgb(6, 6, 6);border-width:5px 5px 5px 5;\">\n\t<\/div>\n                    <\/div>\n        <div class=\"banner-layers container\">\n            <div class=\"fill banner-link\"><\/div>            \n   <div id=\"text-box-639305118\" class=\"text-box banner-layer x50 md-x50 lg-x50 y50 md-y50 lg-y50 res-text\">\n                     <div data-animate=\"none\">           <div class=\"text dark\">\n              \n              <div class=\"text-inner text-center\">\n                  \n<p class=\"uppercase lead\"><strong>ACCESSOiRES de mode<br \/>\n<\/strong><\/p>\n              <\/div>\n           <\/div>\n       <\/div>                     \n<style>\n#text-box-639305118 {\n  margin: 0px 0px 0px 0;\n  width: 100%;\n}\n#text-box-639305118 .text {\n  background-color: rgb(66, 65, 65);\n  font-size: 150%;\n}\n<\/style>\n    <\/div>\n \n        <\/div>\n      <\/div>\n\n            \n<style>\n#banner-2120504072 {\n  padding-top: 99%;\n}\n#banner-2120504072 .bg.bg-loaded {\n  background-image: url(https:\/\/www.highdragon.net\/wp-content\/uploads\/2020\/05\/faccessoiries.jpg);\n}\n#banner-2120504072 .bg {\n  background-position: 66% 63%;\n}\n<\/style>\n  <\/div>\n\n\n\t\t<\/div>\n\t\t\t<\/div>\n\n\t\n\n\t<div id=\"col-380497423\" class=\"col medium-3 small-6 large-3\"  >\n\t\t<div class=\"col-inner\"  >\n\t\t\t\n\t\t\t\n\n  <div class=\"banner has-hover\" id=\"banner-2047944356\">\n          <div class=\"banner-inner fill\">\n        <div class=\"banner-bg fill\" >\n            <div class=\"bg fill bg-fill \"><\/div>\n                                    \n\t<div class=\"is-border\"\n\t\tstyle=\"border-color:rgb(6, 6, 6);border-width:5px 5px 5px 5;\">\n\t<\/div>\n                    <\/div>\n        <div class=\"banner-layers container\">\n            <div class=\"fill banner-link\"><\/div>            \n   <div id=\"text-box-207737309\" class=\"text-box banner-layer x50 md-x50 lg-x50 y50 md-y50 lg-y50 res-text\">\n                     <div data-animate=\"none\">           <div class=\"text dark\">\n              \n              <div class=\"text-inner text-center\">\n                  \n<p class=\"uppercase lead\"><strong>produits de cuisine<br \/>\n<\/strong><\/p>\n              <\/div>\n           <\/div>\n       <\/div>                     \n<style>\n#text-box-207737309 {\n  margin: 0px 0px 0px 0;\n  width: 100%;\n}\n#text-box-207737309 .text {\n  background-color: rgb(66, 65, 65);\n  font-size: 150%;\n}\n<\/style>\n    <\/div>\n \n        <\/div>\n      <\/div>\n\n            \n<style>\n#banner-2047944356 {\n  padding-top: 99%;\n}\n#banner-2047944356 .bg.bg-loaded {\n  background-image: url(https:\/\/www.highdragon.net\/wp-content\/uploads\/2020\/05\/kitchenware2.jpg);\n}\n<\/style>\n  <\/div>\n\n\n\t\t<\/div>\n\t\t\t<\/div>\n\n\t\n\n\t<div id=\"col-881399001\" class=\"col medium-3 small-6 large-3\"  >\n\t\t<div class=\"col-inner\"  >\n\t\t\t\n\t\t\t\n\n  <div class=\"banner has-hover\" id=\"banner-268565903\">\n          <div class=\"banner-inner fill\">\n        <div class=\"banner-bg fill\" >\n            <div class=\"bg fill bg-fill \"><\/div>\n                                    \n\t<div class=\"is-border\"\n\t\tstyle=\"border-color:rgb(6, 6, 6);border-width:5px 5px 5px 5;\">\n\t<\/div>\n                    <\/div>\n        <div class=\"banner-layers container\">\n            <div class=\"fill banner-link\"><\/div>            \n   <div id=\"text-box-2145702163\" class=\"text-box banner-layer x50 md-x50 lg-x50 y50 md-y50 lg-y50 res-text\">\n                     <div data-animate=\"none\">           <div class=\"text dark\">\n              \n              <div class=\"text-inner text-center\">\n                  \n<p class=\"uppercase lead\"><strong>PACKAGING<br \/>\n<\/strong><\/p>\n              <\/div>\n           <\/div>\n       <\/div>                     \n<style>\n#text-box-2145702163 {\n  margin: 0px 0px 0px 0;\n  width: 100%;\n}\n#text-box-2145702163 .text {\n  background-color: rgb(66, 65, 65);\n  font-size: 147%;\n}\n<\/style>\n    <\/div>\n \n        <\/div>\n      <\/div>\n\n            \n<style>\n#banner-268565903 {\n  padding-top: 99.99%;\n}\n#banner-268565903 .bg.bg-loaded {\n  background-image: url(https:\/\/www.highdragon.net\/wp-content\/uploads\/2020\/05\/packaging3.jpg);\n}\n#banner-268565903 .bg {\n  background-position: 53% 2%;\n}\n<\/style>\n  <\/div>\n\n\n\t\t<\/div>\n\t\t\t<\/div>\n\n\t\n\n<style>\n#row-1074946187 > .col > .col-inner {\n  background-color: #373a3d;\n}\n<\/style>\n<\/div>\n<div class=\"message-box relative dark\" style=\"padding-top:15px;padding-bottom:15px;\"><div class=\"message-box-bg-image bg-fill fill\" ><\/div><div class=\"message-box-bg-overlay bg-fill fill\" ><\/div><div class=\"container relative\"><div class=\"inner last-reset\">\n<div class=\"row align-middle align-center\"  id=\"row-226866008\">\n\n\t<div id=\"col-367532459\" class=\"col medium-8 small-12 large-8\"  >\n\t\t<div class=\"col-inner text-center\"  >\n\t\t\t\n\t\t\t\n<h3>Besoin de plus d\u2019information ? Demandez nous un devis\u2026<\/h3>\n\t\t<\/div>\n\t\t\t<\/div>\n\n\t\n\n\t<div id=\"col-1537253911\" class=\"col medium-2 small-12 large-2\"  >\n\t\t<div class=\"col-inner text-center\"  >\n\t\t\t\n\t\t\t\n<a data-animate=\"bounceInUp\" href=\"https:\/\/www.highdragon.net\/fr\/contact\/\" target=\"_self\" class=\"button success is-gloss lowercase expand\"  style=\"border-radius:7px;\">\n    <span>Nous Contacter...<\/span>\n  <\/a>\n\n\t\t<\/div>\n\t\t\t<\/div>\n\n\t\n<\/div>\n<\/div><\/div><\/div>\n","protected":false},"excerpt":{"rendered":"","protected":false},"author":2,"featured_media":0,"parent":0,"menu_order":0,"comment_status":"closed","ping_status":"closed","template":"","meta":[],"_links":{"self":[{"href":"https:\/\/www.highdragon.net\/fr\/wp-json\/wp\/v2\/pages\/829"}],"collection":[{"href":"https:\/\/www.highdragon.net\/fr\/wp-json\/wp\/v2\/pages"}],"about":[{"href":"https:\/\/www.highdragon.net\/fr\/wp-json\/wp\/v2\/types\/page"}],"author":[{"embeddable":true,"href":"https:\/\/www.highdragon.net\/fr\/wp-json\/wp\/v2\/users\/2"}],"replies":[{"embeddable":true,"href":"https:\/\/www.highdragon.net\/fr\/wp-json\/wp\/v2\/comments?post=829"}],"version-history":[{"count":12,"href":"https:\/\/www.highdragon.net\/fr\/wp-json\/wp\/v2\/pages\/829\/revisions"}],"predecessor-version":[{"id":1238,"href":"https:\/\/www.highdragon.net\/fr\/wp-json\/wp\/v2\/pages\/829\/revisions\/1238"}],"wp:attachment":[{"href":"https:\/\/www.highdragon.net\/fr\/wp-json\/wp\/v2\/media?parent=829"}],"curies":[{"name":"wp","href":"https:\/\/api.w.org\/{rel}","templated":true}]}}