{"id":804,"date":"2020-05-11T12:52:49","date_gmt":"2020-05-11T12:52:49","guid":{"rendered":"https:\/\/www.high-dragon.com\/?page_id=804"},"modified":"2021-09-15T19:00:46","modified_gmt":"2021-09-15T17:00:46","slug":"services","status":"publish","type":"page","link":"https:\/\/www.highdragon.net\/fr\/services\/","title":{"rendered":"Services"},"content":{"rendered":"  <div id=\"page-header-1600955794\" class=\"page-header-wrapper\">\n  <div class=\"page-title dark featured-title\">\n\n        <div class=\"page-title-bg\">\n      <div class=\"title-bg fill bg-fill\"\n        data-parallax-container=\".page-title\"\n        data-parallax-background\n        data-parallax=\"-\">\n      <\/div>\n      <div class=\"title-overlay fill\"><\/div>\n    <\/div>\n    \n    <div class=\"page-title-inner container align-center text-center flex-row-col medium-flex-wrap\" >\n              <div class=\"title-wrapper flex-col\">\n          <h1 class=\"entry-title mb-0\">\n            Nos Services          <\/h1>\n        <\/div>\n                    <div class=\"title-content flex-col\">\n        <div class=\"title-breadcrumbs pb-half pt-half\"><\/div>      <\/div>\n    <\/div>\n\n     \n<style>\n#page-header-1600955794 {\n  background-color: rgb(0,0,0);\n}\n<\/style>\n  <\/div>\n    <\/div>\n  \n\t<section class=\"section\" id=\"section_1556563341\">\n\t\t<div class=\"bg section-bg fill bg-fill  bg-loaded\" >\n\n\t\t\t\n\t\t\t\n\t\t\t\n\n\t\t<\/div>\n\n\t\t<div class=\"section-content relative\">\n\t\t\t\n<div class=\"row row-collapse row-full-width\"  id=\"row-36113700\">\n\n\t<div id=\"col-259843979\" class=\"col medium-5 large-5\"  >\n\t\t<div class=\"col-inner\"  >\n\t\t\t\n\t\t\t\n\n  <div class=\"banner has-hover is-full-height\" id=\"banner-1016530799\">\n          <div class=\"banner-inner fill\">\n        <div class=\"banner-bg fill\" >\n            <div class=\"bg fill bg-fill \"><\/div>\n                                    \n                    <\/div>\n        <div class=\"banner-layers container\">\n            <div class=\"fill banner-link\"><\/div>            \n   <div id=\"text-box-107109494\" class=\"text-box banner-layer x0 md-x0 lg-x0 y50 md-y50 lg-y50 res-text\">\n                                <div class=\"text dark\">\n              \n              <div class=\"text-inner text-center\">\n                  \n<h2 class=\"uppercase\"><strong>services de <\/strong><strong>Sourcing <\/strong><\/h2>\n<h2 class=\"uppercase\"><strong>\u00a0<\/strong><\/h2>\n<h3><span class=\"tlid-translation translation\" lang=\"fr\"><span class=\"\" title=\"\">Pour une cha\u00eene d&rsquo;approvisionnement efficace<\/span><\/span>&#8230;<\/h3>\n              <\/div>\n           <\/div>\n                            \n<style>\n#text-box-107109494 {\n  width: 91%;\n}\n#text-box-107109494 .text {\n  font-size: 100%;\n}\n<\/style>\n    <\/div>\n \n        <\/div>\n      <\/div>\n\n            \n<style>\n#banner-1016530799 {\n  padding-top: 100%;\n}\n<\/style>\n  <\/div>\n\n\n\n  <div class=\"banner has-hover is-full-height\" id=\"banner-610745953\">\n          <div class=\"banner-inner fill\">\n        <div class=\"banner-bg fill\" >\n            <div class=\"bg fill bg-fill \"><\/div>\n                                    \n                    <\/div>\n        <div class=\"banner-layers container\">\n            <div class=\"fill banner-link\"><\/div>            \n   <div id=\"text-box-432782318\" class=\"text-box banner-layer x0 md-x0 lg-x0 y50 md-y50 lg-y50 res-text\">\n                                <div class=\"text dark\">\n              \n              <div class=\"text-inner text-center\">\n                  \n<h2 class=\"uppercase\"><strong>services de <\/strong><strong>Sourcing <\/strong><\/h2>\n<h2 class=\"uppercase\"><strong>\u00a0<\/strong><\/h2>\n<h3><span class=\"tlid-translation translation\" lang=\"fr\"><span class=\"\" title=\"\">Pour une cha\u00eene d&rsquo;approvisionnement efficace<\/span><\/span>&#8230;<\/h3>\n              <\/div>\n           <\/div>\n                            \n<style>\n#text-box-432782318 {\n  width: 91%;\n}\n#text-box-432782318 .text {\n  font-size: 100%;\n}\n<\/style>\n    <\/div>\n \n        <\/div>\n      <\/div>\n\n            \n<style>\n#banner-610745953 {\n  padding-top: 100%;\n}\n<\/style>\n  <\/div>\n\n\n\n  <div class=\"banner has-hover is-full-height\" id=\"banner-804138063\">\n          <div class=\"banner-inner fill\">\n        <div class=\"banner-bg fill\" >\n            <div class=\"bg fill bg-fill \"><\/div>\n                                    \n                    <\/div>\n        <div class=\"banner-layers container\">\n            <div class=\"fill banner-link\"><\/div>            \n   <div id=\"text-box-1292771912\" class=\"text-box banner-layer x0 md-x0 lg-x0 y50 md-y50 lg-y50 res-text\">\n                                <div class=\"text dark\">\n              \n              <div class=\"text-inner text-center\">\n                  \n<h2 class=\"uppercase\"><strong>services de <\/strong><strong>Sourcing <\/strong><\/h2>\n<h2 class=\"uppercase\"><strong>\u00a0<\/strong><\/h2>\n<h3><span class=\"tlid-translation translation\" lang=\"fr\"><span class=\"\" title=\"\">Pour une cha\u00eene d&rsquo;approvisionnement efficace<\/span><\/span>&#8230;<\/h3>\n              <\/div>\n           <\/div>\n                            \n<style>\n#text-box-1292771912 {\n  width: 91%;\n}\n#text-box-1292771912 .text {\n  font-size: 100%;\n}\n<\/style>\n    <\/div>\n \n        <\/div>\n      <\/div>\n\n            \n<style>\n#banner-804138063 {\n  padding-top: 100%;\n}\n<\/style>\n  <\/div>\n\n\n\t\t<\/div>\n\t\t\t<\/div>\n\n\t\n\n\t<div id=\"col-572267537\" class=\"col medium-7 large-7\"  >\n\t\t<div class=\"col-inner\"  >\n\t\t\t\n\t\t\t\n<div class=\"row align-middle align-center\"  id=\"row-1320505866\">\n\n\t<div id=\"col-903174139\" class=\"col medium-11 small-12 large-11\"  >\n\t\t<div class=\"col-inner text-center\"  >\n\t\t\t\n\t\t\t\n<p style=\"text-align: center;\"><span data-text-color=\"primary\"><strong>Pour tous vos achats en gros de Chine, nous vous proposons un service d&rsquo;agence commerciale capable de g\u00e9rer toutes vos d\u00e9marches, depuis la commande jusqu&rsquo;\u00e0 la livraison finale.<br \/>\nNos services d&rsquo;approvisionnement incluent les op\u00e9rations suivantes :<br \/>\n<\/strong><\/span><\/p>\n\t\t<\/div>\n\t\t\n<style>\n#col-903174139 > .col-inner {\n  padding: 0px 0px 0px 0px;\n}\n<\/style>\n\t<\/div>\n\n\t\n<\/div>\n<div class=\"row\"  id=\"row-1113388534\">\n\n\t<div id=\"col-2063636801\" class=\"col medium-3 small-12 large-3\"  >\n\t\t<div class=\"col-inner\"  >\n\t\t\t\n\t\t\t\n\n\t\t<div class=\"icon-box featured-box icon-box-center text-center is-xlarge\"  >\n\t\t\t\t\t<div class=\"icon-box-img\" style=\"width: 69px\">\n\t\t\t\t<div class=\"icon\">\n\t\t\t\t\t<div class=\"icon-inner\" >\n\t\t\t\t\t\t<img width=\"110\" height=\"91\" src=\"https:\/\/www.highdragon.net\/wp-content\/uploads\/2020\/05\/manufacturer.png\" class=\"attachment-medium size-medium\" alt=\"\" loading=\"lazy\" \/>\t\t\t\t\t<\/div>\n\t\t\t\t<\/div>\n\t\t\t<\/div>\n\t\t\t\t<div class=\"icon-box-text last-reset\">\n\t\t\t\t\t\t\t\t\t\n\t\t<\/div>\n\t<\/div>\n\t\n\t\n\t\t<\/div>\n\t\t\t<\/div>\n\n\t\n\n\t<div id=\"col-2096835031\" class=\"col medium-8 small-12 large-8\"  >\n\t\t<div class=\"col-inner\"  >\n\t\t\t\n\t\t\t\n<h3>S\u00e9lection de fabricants fiables<\/h3>\n<p>Nous s\u00e9lectionnons les bons fournisseurs selon vos crit\u00e8res ou d&rsquo;apr\u00e8s notre base de donn\u00e9es de partenaires. Notre mission consiste \u00e0 v\u00e9rifier la capacit\u00e9 des fabricants \u00e0 produire la qualit\u00e9 recherch\u00e9e et mener un audit pour \u00e9carter les risques majeurs.<\/p>\n\t\t<\/div>\n\t\t\t<\/div>\n\n\t\n<\/div>\n<div class=\"row\"  id=\"row-1103790394\">\n\n\t<div id=\"col-852324206\" class=\"col medium-3 small-12 large-3\"  >\n\t\t<div class=\"col-inner\"  >\n\t\t\t\n\t\t\t\n\n\t\t<div class=\"icon-box featured-box icon-box-center text-center is-xlarge\"  >\n\t\t\t\t\t<div class=\"icon-box-img\" style=\"width: 69px\">\n\t\t\t\t<div class=\"icon\">\n\t\t\t\t\t<div class=\"icon-inner\" >\n\t\t\t\t\t\t<img width=\"106\" height=\"90\" src=\"https:\/\/www.highdragon.net\/wp-content\/uploads\/2020\/05\/contractnego.png\" class=\"attachment-medium size-medium\" alt=\"\" loading=\"lazy\" \/>\t\t\t\t\t<\/div>\n\t\t\t\t<\/div>\n\t\t\t<\/div>\n\t\t\t\t<div class=\"icon-box-text last-reset\">\n\t\t\t\t\t\t\t\t\t\n\t\t<\/div>\n\t<\/div>\n\t\n\t\n\t\t<\/div>\n\t\t\t<\/div>\n\n\t\n\n\t<div id=\"col-25348405\" class=\"col medium-8 small-12 large-8\"  >\n\t\t<div class=\"col-inner\"  >\n\t\t\t\n\t\t\t\n<div class=\"col-sm-10\">\n<div class=\"col-sm-10\">\n<div class=\"col-sm-10\">\n<h3><strong>N\u00e9gotiation de Contrats<\/strong><\/h3>\n<p>En tant que votre agent mandataire, nous allons n\u00e9gocier et valider les termes de contrat avec les fournisseurs chinois pour obtenir les meilleures conditions de prix en votre faveur mais aussi pour prot\u00e9ger votre marque.<\/p>\n<\/div>\n<\/div>\n<\/div>\n\t\t<\/div>\n\t\t\t<\/div>\n\n\t\n<\/div>\n<div class=\"row\"  id=\"row-2034899783\">\n\n\t<div id=\"col-19686050\" class=\"col medium-3 small-12 large-3\"  >\n\t\t<div class=\"col-inner\"  >\n\t\t\t\n\t\t\t\n\n\t\t<div class=\"icon-box featured-box icon-box-center text-center is-xlarge\"  >\n\t\t\t\t\t<div class=\"icon-box-img\" style=\"width: 69px\">\n\t\t\t\t<div class=\"icon\">\n\t\t\t\t\t<div class=\"icon-inner\" >\n\t\t\t\t\t\t<img width=\"98\" height=\"97\" src=\"https:\/\/www.highdragon.net\/wp-content\/uploads\/2020\/05\/labtest.png\" class=\"attachment-medium size-medium\" alt=\"\" loading=\"lazy\" \/>\t\t\t\t\t<\/div>\n\t\t\t\t<\/div>\n\t\t\t<\/div>\n\t\t\t\t<div class=\"icon-box-text last-reset\">\n\t\t\t\t\t\t\t\t\t\n\t\t<\/div>\n\t<\/div>\n\t\n\t\n\t\t<\/div>\n\t\t\t<\/div>\n\n\t\n\n\t<div id=\"col-538573354\" class=\"col medium-8 small-12 large-8\"  >\n\t\t<div class=\"col-inner\"  >\n\t\t\t\n\t\t\t\n<div class=\"col-sm-10\">\n<div class=\"col-sm-10\">\n<h3><strong>Tests en Laboratoire &amp; Certifications <\/strong><\/h3>\n<p>Importer exige pouvoir vendre des produits conformes aux normes en vigueur dans votre pays. Pour cela, nous v\u00e9rifions les documents requis pour vos produits et travaillons en \u00e9troite collaboration avec les laboratoires d&rsquo;essais.<\/p>\n<\/div>\n<\/div>\n\t\t<\/div>\n\t\t\t<\/div>\n\n\t\n<\/div>\n<div class=\"row\"  id=\"row-1128957095\">\n\n\t<div id=\"col-143266551\" class=\"col medium-3 small-12 large-3\"  >\n\t\t<div class=\"col-inner\"  >\n\t\t\t\n\t\t\t\n\n\t\t<div class=\"icon-box featured-box icon-box-center text-center is-xlarge\"  >\n\t\t\t\t\t<div class=\"icon-box-img\" style=\"width: 69px\">\n\t\t\t\t<div class=\"icon\">\n\t\t\t\t\t<div class=\"icon-inner\" >\n\t\t\t\t\t\t<img width=\"94\" height=\"83\" src=\"https:\/\/www.highdragon.net\/wp-content\/uploads\/2020\/05\/inspection.png\" class=\"attachment-medium size-medium\" alt=\"\" loading=\"lazy\" \/>\t\t\t\t\t<\/div>\n\t\t\t\t<\/div>\n\t\t\t<\/div>\n\t\t\t\t<div class=\"icon-box-text last-reset\">\n\t\t\t\t\t\t\t\t\t\n\t\t<\/div>\n\t<\/div>\n\t\n\t\n\t\t<\/div>\n\t\t\t<\/div>\n\n\t\n\n\t<div id=\"col-341966133\" class=\"col medium-8 small-12 large-8\"  >\n\t\t<div class=\"col-inner\"  >\n\t\t\t\n\t\t\t\n<div class=\"col-sm-10\">\n<div class=\"col-sm-10\">\n<div class=\"col-sm-10\">\n<h4><strong>Inspections Qualit\u00e9 (En production \/ Pr\u00e9-Exp\u00e9dition)<\/strong><\/h4>\n<p>Le contr\u00f4le de la qualit\u00e9 est l&rsquo;une des \u00e9tapes majeures pour savoir si vos produits r\u00e9pondent \u00e0 toutes les normes de qualit\u00e9 ou doivent \u00eatre rejet\u00e9s. Avec notre r\u00e9seau d\u2019inspecteurs et de partenaires tiers, nous sommes en mesure de contr\u00f4ler tous les aspects de la qualit\u00e9 de vos produits fabriqu\u00e9s dans chaque r\u00e9gion de Chine.<\/p>\n<\/div>\n<\/div>\n<\/div>\n\t\t<\/div>\n\t\t\t<\/div>\n\n\t\n<\/div>\n<div class=\"row\"  id=\"row-2111794003\">\n\n\t<div id=\"col-741031236\" class=\"col medium-3 small-12 large-3\"  >\n\t\t<div class=\"col-inner\"  >\n\t\t\t\n\t\t\t\n\n\t\t<div class=\"icon-box featured-box icon-box-center text-center is-xlarge\"  >\n\t\t\t\t\t<div class=\"icon-box-img\" style=\"width: 69px\">\n\t\t\t\t<div class=\"icon\">\n\t\t\t\t\t<div class=\"icon-inner\" >\n\t\t\t\t\t\t<img width=\"122\" height=\"91\" src=\"https:\/\/www.highdragon.net\/wp-content\/uploads\/2020\/05\/logistic.png\" class=\"attachment-medium size-medium\" alt=\"\" loading=\"lazy\" \/>\t\t\t\t\t<\/div>\n\t\t\t\t<\/div>\n\t\t\t<\/div>\n\t\t\t\t<div class=\"icon-box-text last-reset\">\n\t\t\t\t\t\t\t\t\t\n\t\t<\/div>\n\t<\/div>\n\t\n\t\n\t\t<\/div>\n\t\t\t<\/div>\n\n\t\n\n\t<div id=\"col-895178817\" class=\"col medium-8 small-12 large-8\"  >\n\t\t<div class=\"col-inner\"  >\n\t\t\t\n\t\t\t\n<div class=\"col-sm-10\">\n<div class=\"col-sm-10\">\n<div class=\"col-sm-10\">\n<div class=\"col-sm-10\">\n<h3><strong>Gestion Logistique<\/strong><\/h3>\n<p>Nous travaillons avec plusieurs partenaires de transport international pour r\u00e9duire vos co\u00fbts ainsi que les d\u00e9lais de livraison. L&rsquo;optimisation du fr\u00eat fait partie des solutions que nous fournissons pour votre transport de conteneurs.<\/p>\n<\/div>\n<\/div>\n<\/div>\n<\/div>\n\t\t<\/div>\n\t\t\t<\/div>\n\n\t\n<\/div>\n<div class=\"row\"  id=\"row-790863110\">\n\n\t<div id=\"col-1363281481\" class=\"col medium-3 small-12 large-3\"  >\n\t\t<div class=\"col-inner\"  >\n\t\t\t\n\t\t\t\n\n\t\t<div class=\"icon-box featured-box icon-box-center text-center is-xlarge\"  >\n\t\t\t\t\t<div class=\"icon-box-img\" style=\"width: 69px\">\n\t\t\t\t<div class=\"icon\">\n\t\t\t\t\t<div class=\"icon-inner\" >\n\t\t\t\t\t\t<img width=\"129\" height=\"76\" src=\"https:\/\/www.highdragon.net\/wp-content\/uploads\/2020\/05\/customs.png\" class=\"attachment-medium size-medium\" alt=\"\" loading=\"lazy\" \/>\t\t\t\t\t<\/div>\n\t\t\t\t<\/div>\n\t\t\t<\/div>\n\t\t\t\t<div class=\"icon-box-text last-reset\">\n\t\t\t\t\t\t\t\t\t\n\t\t<\/div>\n\t<\/div>\n\t\n\t\n\t\t<\/div>\n\t\t\t<\/div>\n\n\t\n\n\t<div id=\"col-1090176511\" class=\"col medium-8 small-12 large-8\"  >\n\t\t<div class=\"col-inner\"  >\n\t\t\t\n\t\t\t\n<div class=\"col-sm-10\">\n<div class=\"col-sm-10\">\n<div class=\"col-sm-10\">\n<div class=\"col-sm-10\">\n<div class=\"col-sm-10\">\n<h3><strong>D\u00e9douanement &amp; Suivi de vos Livraisons<\/strong><\/h3>\n<p>Une fois vos produits exp\u00e9di\u00e9s, nous suivons leur acheminement et leur d\u00e9douanement jusqu&rsquo;\u00e0 leur livraison effective. Nos engagements prennent fin lorsque notre client est satisfait de sa prestation.<\/p>\n<\/div>\n<\/div>\n<\/div>\n<\/div>\n<\/div>\n<div class=\"is-divider divider clearfix\" style=\"max-width:100%;background-color:rgb(39, 37, 37);\"><\/div>\n\t\t<\/div>\n\t\t\n<style>\n#col-1090176511 > .col-inner {\n  padding: 0px 5 0px 0px;\n}\n<\/style>\n\t<\/div>\n\n\t\n<\/div>\n<div class=\"row\"  id=\"row-1732652112\">\n\n\t<div id=\"col-748211918\" class=\"col medium-3 small-12 large-3\"  >\n\t\t<div class=\"col-inner\"  >\n\t\t\t\n\t\t\t\n\n\t\t<div class=\"icon-box featured-box icon-box-center text-center is-xsmall\"  >\n\t\t\t\t\t<div class=\"icon-box-img\" style=\"width: 112px\">\n\t\t\t\t<div class=\"icon\">\n\t\t\t\t\t<div class=\"icon-inner\" >\n\t\t\t\t\t\t<img width=\"500\" height=\"114\" src=\"https:\/\/www.highdragon.net\/wp-content\/uploads\/2020\/05\/amazon.png\" class=\"attachment-medium size-medium\" alt=\"\" loading=\"lazy\" \/>\t\t\t\t\t<\/div>\n\t\t\t\t<\/div>\n\t\t\t<\/div>\n\t\t\t\t<div class=\"icon-box-text last-reset\">\n\t\t\t\t\t\t\t\t\t\n\t\t<\/div>\n\t<\/div>\n\t\n\t\n\t\t<\/div>\n\t\t\t<\/div>\n\n\t\n\n\t<div id=\"col-1387444915\" class=\"col medium-8 small-12 large-8\"  >\n\t\t<div class=\"col-inner\"  >\n\t\t\t\n\t\t\t\n<div class=\"col-sm-10\">\n<div class=\"col-sm-10\">\n<div class=\"col-sm-10\">\n<div class=\"col-sm-10\">\n<div class=\"col-sm-10\">\n<h3><strong class=\"k_text\">DROPSHIPPING POUR VENDEURS SUR AMAZON<br \/>\n<\/strong><\/h3>\n<p>Nous aidons les vendeurs sur Amazon \u00e0 optimiser leur cha\u00eene d&rsquo;approvisionnement en r\u00e9duisant leurs frais de transport, manutention, pr\u00e9paration et emballage de produits.<\/p>\n<p>Nos clients peuvent alors b\u00e9n\u00e9ficier d&rsquo;un avantage concurrentiel en utilisant le programme d&rsquo;Amazon nomm\u00e9 \u00ab\u00a0Fullfilment by Amazon\u00a0\u00bb (FBA Amazon) avec nos services \u00e0 valeur ajout\u00e9e de Drop Shipping :<\/p>\n<ul>\n<li><strong>Gestion des codes-barres &amp; Etiquettage <\/strong><\/li>\n<li><strong>Contr\u00f4le Qualit\u00e9 avant Exp\u00e9dition<\/strong><\/li>\n<li><strong>Exp\u00e9dition Directe de Chine vers l&rsquo;entrep\u00f4t d&rsquo;Amazon<br \/>\n(ou toute autre plate-forme de distribution)<\/strong><\/li>\n<li><strong>Coordination Logistique et Suivi de votre Fr\u00eat<\/strong><\/li>\n<\/ul>\n<\/div>\n<\/div>\n<\/div>\n<\/div>\n<\/div>\n<div class=\"is-divider divider clearfix\" style=\"max-width:100%;background-color:rgb(39, 37, 37);\"><\/div>\n\t\t<\/div>\n\t\t\t<\/div>\n\n\t\n<\/div>\n\t\t<\/div>\n\t\t\t<\/div>\n\n\t\n<\/div>\n\t\t<\/div>\n\n\t\t\n<style>\n#section_1556563341 {\n  padding-top: 30px;\n  padding-bottom: 30px;\n}\n<\/style>\n\t<\/section>\n\t\n<div class=\"message-box relative dark\" style=\"padding-top:15px;padding-bottom:15px;\"><div class=\"message-box-bg-image bg-fill fill\" ><\/div><div class=\"message-box-bg-overlay bg-fill fill\" ><\/div><div class=\"container relative\"><div class=\"inner last-reset\">\n<div class=\"row align-middle align-center\"  id=\"row-653662842\">\n\n\t<div id=\"col-1418968578\" class=\"col medium-9 small-12 large-9\"  >\n\t\t<div class=\"col-inner\"  >\n\t\t\t\n\t\t\t\n<h3 style=\"text-align: center;\">Besoin de plus d&rsquo;information ? Demandez nous un devis&#8230;<\/h3>\n\t\t<\/div>\n\t\t\t<\/div>\n\n\t\n\n\t<div id=\"col-461949306\" class=\"col medium-2 small-12 large-2\"  >\n\t\t<div class=\"col-inner text-center\"  >\n\t\t\t\n\t\t\t\n<a data-animate=\"bounceInUp\" href=\"https:\/\/www.highdragon.net\/fr\/contact\/\" target=\"_self\" class=\"button success is-gloss lowercase expand\"  style=\"border-radius:7px;\">\n    <span>Contactez nous<\/span>\n  <\/a>\n\n\t\t<\/div>\n\t\t\t<\/div>\n\n\t\n<\/div>\n<\/div><\/div><\/div>\n","protected":false},"excerpt":{"rendered":"","protected":false},"author":2,"featured_media":0,"parent":0,"menu_order":0,"comment_status":"closed","ping_status":"closed","template":"","meta":[],"_links":{"self":[{"href":"https:\/\/www.highdragon.net\/fr\/wp-json\/wp\/v2\/pages\/804"}],"collection":[{"href":"https:\/\/www.highdragon.net\/fr\/wp-json\/wp\/v2\/pages"}],"about":[{"href":"https:\/\/www.highdragon.net\/fr\/wp-json\/wp\/v2\/types\/page"}],"author":[{"embeddable":true,"href":"https:\/\/www.highdragon.net\/fr\/wp-json\/wp\/v2\/users\/2"}],"replies":[{"embeddable":true,"href":"https:\/\/www.highdragon.net\/fr\/wp-json\/wp\/v2\/comments?post=804"}],"version-history":[{"count":26,"href":"https:\/\/www.highdragon.net\/fr\/wp-json\/wp\/v2\/pages\/804\/revisions"}],"predecessor-version":[{"id":1198,"href":"https:\/\/www.highdragon.net\/fr\/wp-json\/wp\/v2\/pages\/804\/revisions\/1198"}],"wp:attachment":[{"href":"https:\/\/www.highdragon.net\/fr\/wp-json\/wp\/v2\/media?parent=804"}],"curies":[{"name":"wp","href":"https:\/\/api.w.org\/{rel}","templated":true}]}}