{"id":721,"date":"2020-05-10T19:40:45","date_gmt":"2020-05-10T19:40:45","guid":{"rendered":"https:\/\/www.high-dragon.com\/?page_id=721"},"modified":"2022-11-09T22:18:00","modified_gmt":"2022-11-09T20:18:00","slug":"corporate","status":"publish","type":"page","link":"https:\/\/www.highdragon.net\/fr\/","title":{"rendered":"Corporate fr"},"content":{"rendered":"<div class=\"slider-wrapper relative\" id=\"slider-1084155304\" >\n    <div class=\"slider slider-nav-circle slider-nav-large slider-nav-light slider-style-normal\"\n        data-flickity-options='{\n            \"cellAlign\": \"center\",\n            \"imagesLoaded\": true,\n            \"lazyLoad\": 1,\n            \"freeScroll\": false,\n            \"wrapAround\": false,\n            \"autoPlay\": false,\n            \"pauseAutoPlayOnHover\" : false,\n            \"prevNextButtons\": false,\n            \"contain\" : true,\n            \"adaptiveHeight\" : true,\n            \"dragThreshold\" : 10,\n            \"percentPosition\": true,\n            \"pageDots\": false,\n            \"rightToLeft\": false,\n            \"draggable\": false,\n            \"selectedAttraction\": 0.1,\n            \"parallax\" : 0,\n            \"friction\": 0.6        }'\n        >\n        \n\n  <div class=\"banner has-hover\" id=\"banner-2067352673\">\n          <div class=\"banner-inner fill\">\n        <div class=\"banner-bg fill\" >\n            <div class=\"bg fill bg-fill \"><\/div>\n                                    \n                    <\/div>\n        <div class=\"banner-layers container\">\n            <div class=\"fill banner-link\"><\/div>            \n   <div id=\"text-box-378917170\" class=\"text-box banner-layer hidden x5 md-x5 lg-x5 y95 md-y50 lg-y50 res-text\">\n                                <div class=\"text box-shadow-1\">\n              \n              <div class=\"text-inner text-left\">\n                  \n<h6>Votre partenaire en sourcing depuis la Chine. High Dragon offre un service d&rsquo;achats clef en main. Nous vous garantissons une qualit\u00e9 constante et des prix comp\u00e9titifs au coeur de votre cha\u00eene d&rsquo;approvisionnement&#8230;<\/h6>\n              <\/div>\n           <\/div>\n                            \n<style>\n#text-box-378917170 .text {\n  background-color: rgba(255, 255, 255, 0.94);\n  font-size: 100%;\n}\n#text-box-378917170 .text-inner {\n  padding: 30px 30px 30px 30px;\n}\n#text-box-378917170 {\n  width: 90%;\n}\n@media (min-width:550px) {\n  #text-box-378917170 {\n    width: 44%;\n  }\n}\n<\/style>\n    <\/div>\n \n        <\/div>\n      <\/div>\n\n            \n<style>\n#banner-2067352673 {\n  padding-top: 50%;\n}\n#banner-2067352673 .bg.bg-loaded {\n  background-image: url(https:\/\/www.highdragon.net\/wp-content\/uploads\/2022\/11\/header_bgFR3.jpg);\n}\n#banner-2067352673 .bg {\n  background-position: 97% 13%;\n}\n@media (min-width:550px) {\n  #banner-2067352673 {\n    padding-top: 448px;\n  }\n}\n<\/style>\n  <\/div>\n\n\n     <\/div>\n\n     <div class=\"loading-spin dark large centered\"><\/div>\n\n     <\/div>\n\n\n\t<section class=\"section\" id=\"section_1099507953\">\n\t\t<div class=\"bg section-bg fill bg-fill  bg-loaded\" >\n\n\t\t\t\n\t\t\t\n\t\t\t\n\n\t\t<\/div>\n\n\t\t<div class=\"section-content relative\">\n\t\t\t\n<div class=\"row row-large align-center row-divided\"  id=\"row-809230597\">\n\n\t<div id=\"col-350448412\" class=\"col medium-4 large-4\"  >\n\t\t<div class=\"col-inner\"  >\n\t\t\t\n\t\t\t\n\n\t\t<div class=\"icon-box featured-box icon-box-center text-center\"  style=\"margin:0px 0px 0px 0px;\">\n\t\t\t\t\t<div class=\"icon-box-img has-icon-bg\" style=\"width: 60px\">\n\t\t\t\t<div class=\"icon\">\n\t\t\t\t\t<div class=\"icon-inner\" style=\"border-width:2px;\">\n\t\t\t\t\t\t<img width=\"122\" height=\"91\" src=\"https:\/\/www.highdragon.net\/wp-content\/uploads\/2020\/05\/logistic.png\" class=\"attachment-medium size-medium\" alt=\"\" loading=\"lazy\" \/>\t\t\t\t\t<\/div>\n\t\t\t\t<\/div>\n\t\t\t<\/div>\n\t\t\t\t<div class=\"icon-box-text last-reset\">\n\t\t\t<h5 class=\"uppercase\">Sourcing<\/h5>\t\t\t\t\t\t\n<p>Notre agence d&rsquo;approvisionnements trouve les produits dont vous avez besoin aupr\u00e8s de fabricants s\u00e9lectionn\u00e9s en Asie&#8230;<\/p>\n\t\t<\/div>\n\t<\/div>\n\t\n\t\n\t\t<\/div>\n\t\t\t<\/div>\n\n\t\n\n\t<div id=\"col-1076401004\" class=\"col medium-4 large-4\"  >\n\t\t<div class=\"col-inner\"  >\n\t\t\t\n\t\t\t\n\n\t\t<div class=\"icon-box featured-box icon-box-center text-center\"  style=\"margin:0px 0px 0px 0px;\">\n\t\t\t\t\t<div class=\"icon-box-img has-icon-bg\" style=\"width: 60px\">\n\t\t\t\t<div class=\"icon\">\n\t\t\t\t\t<div class=\"icon-inner\" style=\"border-width:2px;\">\n\t\t\t\t\t\t<img width=\"129\" height=\"76\" src=\"https:\/\/www.highdragon.net\/wp-content\/uploads\/2020\/05\/customs.png\" class=\"attachment-medium size-medium\" alt=\"\" loading=\"lazy\" \/>\t\t\t\t\t<\/div>\n\t\t\t\t<\/div>\n\t\t\t<\/div>\n\t\t\t\t<div class=\"icon-box-text last-reset\">\n\t\t\t<h5 class=\"uppercase\">Contr\u00f4le de qualit\u00e9<\/h5>\t\t\t\t\t\t\n<p>Nous nous assurons que les produits que vous achetez r\u00e9pondent effectivement aux normes de qualit\u00e9 les plus \u00e9lev\u00e9es&#8230;<\/p>\n\t\t<\/div>\n\t<\/div>\n\t\n\t\n\t\t<\/div>\n\t\t\t<\/div>\n\n\t\n\n\t<div id=\"col-531435193\" class=\"col medium-4 large-4\"  >\n\t\t<div class=\"col-inner\"  >\n\t\t\t\n\t\t\t\n\n\t\t<div class=\"icon-box featured-box icon-box-center text-center\"  style=\"margin:0px 0px 0px 0px;\">\n\t\t\t\t\t<div class=\"icon-box-img has-icon-bg\" style=\"width: 60px\">\n\t\t\t\t<div class=\"icon\">\n\t\t\t\t\t<div class=\"icon-inner\" style=\"border-width:2px;\">\n\t\t\t\t\t\t<img width=\"403\" height=\"400\" src=\"https:\/\/www.highdragon.net\/wp-content\/uploads\/2020\/05\/consulting2-403x400.png\" class=\"attachment-medium size-medium\" alt=\"\" loading=\"lazy\" srcset=\"https:\/\/www.highdragon.net\/wp-content\/uploads\/2020\/05\/consulting2-403x400.png 403w, https:\/\/www.highdragon.net\/wp-content\/uploads\/2020\/05\/consulting2.png 429w\" sizes=\"(max-width: 403px) 100vw, 403px\" \/>\t\t\t\t\t<\/div>\n\t\t\t\t<\/div>\n\t\t\t<\/div>\n\t\t\t\t<div class=\"icon-box-text last-reset\">\n\t\t\t<h5 class=\"uppercase\">Conseil<\/h5>\t\t\t\t\t\t\n<p>Nous r\u00e9alisons des \u00e9tudes et des recommandations pour que vos projets Import-Export soient une r\u00e9ussite\u2026<\/p>\n\t\t<\/div>\n\t<\/div>\n\t\n\t\n\t\t<\/div>\n\t\t\t<\/div>\n\n\t\n<\/div>\n\t\t<\/div>\n\n\t\t\n<style>\n#section_1099507953 {\n  padding-top: 15px;\n  padding-bottom: 15px;\n  background-color: rgb(255, 255, 255);\n}\n<\/style>\n\t<\/section>\n\t\n\t<section class=\"section\" id=\"section_854961737\">\n\t\t<div class=\"bg section-bg fill bg-fill  bg-loaded\" >\n\n\t\t\t\n\t\t\t<div class=\"section-bg-overlay absolute fill\"><\/div>\n\t\t\t\n\t<div class=\"is-border\"\n\t\tstyle=\"border-width:1 0px 1px 0px;\">\n\t<\/div>\n\n\t\t<\/div>\n\n\t\t<div class=\"section-content relative\">\n\t\t\t\n<div class=\"row row-large\"  id=\"row-1219930516\">\n\n\t<div id=\"col-1053856727\" class=\"col medium-6 small-12 large-6\"  >\n\t\t<div class=\"col-inner text-left\"  >\n\t\t\t\n\t\t\t\n<h2><strong><span class=\"tlid-translation translation\" lang=\"fr\"><span class=\"\" title=\"\">Simplifier votre processus de sourcing<\/span><\/span>&#8230;<\/strong><\/h2>\n<p>&#8212;&#8212;&#8212;&#8212;&#8212;&#8212;&#8212;&#8212;&#8212;&#8212;&#8212;&#8212;&#8212;&#8212;&#8212;&#8212;&#8212;&#8212;&#8212;&#8212;&#8212;&#8212;&#8212;&#8212;&#8212;&#8212;&#8212;<\/p>\n<p>Vous souhaitez :<br \/>\n<strong>&#8211; Importer des marchandises au meilleur prix ?<\/strong><br \/>\n<strong>&#8211; Vous <span class=\"tlid-translation translation\" lang=\"fr\"><span class=\"\" title=\"\">assurer que vos fournitures r\u00e9pondent aux normes de qualit\u00e9?<\/span><\/span><\/strong><br \/>\n<strong>&#8211; Fabriquer un nouveau produit ?<\/strong><\/p>\n<p><span style=\"color: #282828;\"><strong>&#8230;. dans ce cas, nous sommes l\u00e0\u00a0 pour vous assister \u00e0 chaque \u00e9tape !<\/strong><\/span><\/p>\n<p>&#8212;&#8212;&#8212;&#8212;&#8212;&#8212;&#8212;&#8212;&#8212;&#8212;&#8212;&#8212;&#8212;&#8212;&#8212;&#8212;&#8212;&#8212;&#8212;&#8212;&#8212;&#8212;&#8212;&#8212;&#8212;&#8212;&#8212;<\/p>\n<p><span class=\"tlid-translation translation\" lang=\"fr\"><span class=\"\" title=\"\">Nous proposons aux importateurs une gestion compl\u00e8te de leur processus de cha\u00eene d&rsquo;approvisionnement, de la commande initiale \u00e0 la livraison finale :<\/span><\/span><\/p>\n<p><strong><span class=\"tlid-translation translation\" lang=\"fr\"><span class=\"\" title=\"\">* Recherche de fournisseurs fiables<\/span><br \/>\n<span class=\"\" title=\"\">* Audit des fabricants<\/span><br \/>\n<span class=\"\" title=\"\">* Inspections de qualit\u00e9<\/span><br \/>\n<span class=\"\" title=\"\">* Tests et certifications en laboratoire<\/span><br \/>\n<span class=\"\" title=\"\">* Contr\u00f4le avant exp\u00e9dition des marchandises<\/span><br \/>\n<span class=\"\" title=\"\">* Gestion de la logistique<\/span><br \/>\n<span class=\"\" title=\"\">* Conseil &#8230;<\/span><\/span><\/strong><\/p>\n<a href=\"https:\/\/www.highdragon.net\/fr\/services\/\" target=\"_self\" class=\"button primary box-shadow-3 lowercase\"  >\n    <span>En savoir plus...<\/span>\n  <i class=\"icon-angle-right\" ><\/i><\/a>\n\n\t\t<\/div>\n\t\t\t<\/div>\n\n\t\n\n\t<div id=\"col-1505073697\" class=\"col medium-6 small-12 large-6\"  >\n\t\t<div class=\"col-inner text-right\"  >\n\t\t\t\n\t\t\t\n\t<div class=\"img has-hover x md-x lg-x y md-y lg-y\" id=\"image_234668928\">\n\t\t\t\t\t\t\t\t<div class=\"img-inner box-shadow-2 dark\" >\n\t\t\t<img width=\"208\" height=\"584\" src=\"https:\/\/www.highdragon.net\/wp-content\/uploads\/2020\/05\/rightcol.jpg\" class=\"attachment-large size-large\" alt=\"\" loading=\"lazy\" srcset=\"https:\/\/www.highdragon.net\/wp-content\/uploads\/2020\/05\/rightcol.jpg 208w, https:\/\/www.highdragon.net\/wp-content\/uploads\/2020\/05\/rightcol-142x400.jpg 142w\" sizes=\"(max-width: 208px) 100vw, 208px\" \/>\t\t\t\t\t\t\n\t\t\t\t\t<\/div>\n\t\t\t\t\t\t\t\t\n<style>\n#image_234668928 {\n  width: 40%;\n}\n<\/style>\n\t<\/div>\n\t\n\t\t<\/div>\n\t\t\t<\/div>\n\n\t\n<\/div>\n\t\t<\/div>\n\n\t\t\n<style>\n#section_854961737 {\n  padding-top: 40px;\n  padding-bottom: 40px;\n  background-color: rgb(193, 193, 193);\n}\n#section_854961737 .section-bg-overlay {\n  background-color: rgba(255, 255, 255, 0.85);\n}\n<\/style>\n\t<\/section>\n\t\n\t<section class=\"section\" id=\"section_684699671\">\n\t\t<div class=\"bg section-bg fill bg-fill  bg-loaded\" >\n\n\t\t\t\n\t\t\t<div class=\"section-bg-overlay absolute fill\"><\/div>\n\t\t\t\n\n\t\t<\/div>\n\n\t\t<div class=\"section-content relative\">\n\t\t\t\n<div class=\"row row-large align-middle\"  id=\"row-1099705934\">\n\n\t<div id=\"col-257528353\" class=\"col medium-6 small-12 large-6\"  >\n\t\t<div class=\"col-inner\"  >\n\t\t\t\n\t\t\t\n\t<div class=\"img has-hover x md-x lg-x y md-y lg-y\" id=\"image_1329167589\">\n\t\t\t\t\t\t\t\t<div class=\"img-inner box-shadow-2 dark\" style=\"margin:-90px 0px 0px 0px;\">\n\t\t\t<img width=\"452\" height=\"382\" src=\"https:\/\/www.highdragon.net\/wp-content\/uploads\/2020\/05\/consult.jpg\" class=\"attachment-large size-large\" alt=\"\" loading=\"lazy\" \/>\t\t\t\t\t\t\n\t\t\t\t\t<\/div>\n\t\t\t\t\t\t\t\t\n<style>\n#image_1329167589 {\n  width: 86%;\n}\n<\/style>\n\t<\/div>\n\t\n\t\t<\/div>\n\t\t\t<\/div>\n\n\t\n\n\t<div id=\"col-1676310512\" class=\"col medium-6 small-12 large-6\"  >\n\t\t<div class=\"col-inner text-left\"  >\n\t\t\t\n\t\t\t\n<h2 class=\"uppercase\"><strong class=\"k_text\">conseil de march\u00e9:<\/strong><\/h2>\n<p><span class=\"tlid-translation translation\" lang=\"fr\"><span class=\"\" title=\"\">Faire face \u00e0 un nouveau march\u00e9 ou m\u00eame lancer un nouveau produit n\u00e9cessite une \u00e9tude approfondie de la conformit\u00e9 aux normes, entre autres facteurs.<\/span><\/span><\/p>\n<p><span class=\"\" title=\"\">Nos experts de march\u00e9 vous accompagnerons dans la r\u00e9alisation de votre projet pour r\u00e9duire les co\u00fbts de fabrication, mettre de c\u00f4t\u00e9 les risques et optimiser vos profits en final.<\/span><\/p>\n<p><span title=\"\">En tant que votre partenaire commercial, notre seul objectif est celui de faire prosp\u00e9rer vos projets!<\/span><\/p>\n<a href=\"https:\/\/www.highdragon.net\/fr\/services\/\" target=\"_self\" class=\"button primary box-shadow-3 lowercase\"  >\n    <span>En savoir plus...<\/span>\n  <i class=\"icon-angle-right\" ><\/i><\/a>\n\n\t\t<\/div>\n\t\t\t<\/div>\n\n\t\n<\/div>\n\t\t<\/div>\n\n\t\t\n<style>\n#section_684699671 {\n  padding-top: 37px;\n  padding-bottom: 37px;\n  margin-bottom: -35px;\n  background-color: rgb(255, 255, 255);\n}\n#section_684699671 .section-bg-overlay {\n  background-color: rgba(255, 255, 255, 0.85);\n}\n<\/style>\n\t<\/section>\n\t\n<div class=\"message-box relative dark\" style=\"padding-top:36px;padding-bottom:36px;\"><div class=\"message-box-bg-image bg-fill fill\" ><\/div><div class=\"message-box-bg-overlay bg-fill fill\" style=\"background-color:rgb(74, 74, 74);\"><\/div><div class=\"container relative\"><div class=\"inner last-reset\">\n<div class=\"row align-middle\"  id=\"row-1419698483\">\n\n\t<div id=\"col-1228268817\" class=\"col medium-8 small-12 large-8\"  >\n\t\t<div class=\"col-inner text-right\"  >\n\t\t\t\n\t\t\t\n<h3 style=\"text-align: right;\">Besoin de plus d&rsquo;informations ? Demandez nous un devis&#8230;<\/h3>\n\t\t<\/div>\n\t\t\t<\/div>\n\n\t\n\n\t<div id=\"col-172634938\" class=\"col medium-3 small-12 large-3\"  >\n\t\t<div class=\"col-inner text-right\"  >\n\t\t\t\n\t\t\t\n<a data-animate=\"flipInY\" href=\"https:\/\/www.highdragon.net\/fr\/contact\/\" target=\"_self\" class=\"button success is-gloss is-larger lowercase\"  style=\"border-radius:10px;\">\n    <span>Contactez-nous<\/span>\n  <\/a>\n\n\t\t<\/div>\n\t\t\t<\/div>\n\n\t\n<\/div>\n<\/div><\/div><\/div>\n","protected":false},"excerpt":{"rendered":"","protected":false},"author":2,"featured_media":333,"parent":0,"menu_order":1,"comment_status":"closed","ping_status":"closed","template":"page-blank.php","meta":[],"_links":{"self":[{"href":"https:\/\/www.highdragon.net\/fr\/wp-json\/wp\/v2\/pages\/721"}],"collection":[{"href":"https:\/\/www.highdragon.net\/fr\/wp-json\/wp\/v2\/pages"}],"about":[{"href":"https:\/\/www.highdragon.net\/fr\/wp-json\/wp\/v2\/types\/page"}],"author":[{"embeddable":true,"href":"https:\/\/www.highdragon.net\/fr\/wp-json\/wp\/v2\/users\/2"}],"replies":[{"embeddable":true,"href":"https:\/\/www.highdragon.net\/fr\/wp-json\/wp\/v2\/comments?post=721"}],"version-history":[{"count":36,"href":"https:\/\/www.highdragon.net\/fr\/wp-json\/wp\/v2\/pages\/721\/revisions"}],"predecessor-version":[{"id":1253,"href":"https:\/\/www.highdragon.net\/fr\/wp-json\/wp\/v2\/pages\/721\/revisions\/1253"}],"wp:featuredmedia":[{"embeddable":true,"href":"https:\/\/www.highdragon.net\/fr\/wp-json\/wp\/v2\/media\/333"}],"wp:attachment":[{"href":"https:\/\/www.highdragon.net\/fr\/wp-json\/wp\/v2\/media?parent=721"}],"curies":[{"name":"wp","href":"https:\/\/api.w.org\/{rel}","templated":true}]}}